{"id":46,"date":"2018-06-29T15:25:56","date_gmt":"2018-06-29T15:25:56","guid":{"rendered":"https:\/\/oestesalud.com.ar\/?page_id=46"},"modified":"2020-09-30T00:36:13","modified_gmt":"2020-09-30T00:36:13","slug":"contacto","status":"publish","type":"page","link":"https:\/\/oestesalud.com.ar\/?page_id=46","title":{"rendered":"Contacto"},"content":{"rendered":"<section class=\"l-section wpb_row height_medium\"><div class=\"l-section-h i-cf\"><div class=\"g-cols vc_row type_default valign_top\"><div class=\"vc_col-sm-12 wpb_column vc_column_container\"><div class=\"vc_column-inner\"><div class=\"wpb_wrapper\">\r\n\t<div class=\"wpb_text_column \">\r\n\t\t<div class=\"wpb_wrapper\">\r\n\t\t\t<p><strong>Dejanos tu consulta, reclamo o pedido de asesoramiento. Con gusto responderemos a la brevedad! No reservamos turnos online por este medio, por favor dirigirse a la secci\u00f3n <span style=\"color: #3366ff;\"><a style=\"color: #3366ff;\" href=\"http:\/\/www.oesteserviciossociales.com\/?page_id=6922\">turnos online<\/a><\/span>. Muchas gracias!!<\/strong><\/p>\n\r\n\t\t<\/div>\r\n\t<\/div>\r\n<div role=\"form\" class=\"wpcf7\" id=\"wpcf7-f6-o1\" lang=\"es-ES\" dir=\"ltr\">\n<div class=\"screen-reader-response\"><p role=\"status\" aria-live=\"polite\" aria-atomic=\"true\"><\/p> <ul><\/ul><\/div>\n<form action=\"\/index.php?rest_route=%2Fwp%2Fv2%2Fpages%2F46#wpcf7-f6-o1\" method=\"post\" class=\"wpcf7-form init cf7-style\" novalidate=\"novalidate\" data-status=\"init\">\n<div style=\"display: none;\">\n<input type=\"hidden\" name=\"_wpcf7\" value=\"6\" \/>\n<input type=\"hidden\" name=\"_wpcf7_version\" value=\"5.4.2\" \/>\n<input type=\"hidden\" name=\"_wpcf7_locale\" value=\"es_ES\" \/>\n<input type=\"hidden\" name=\"_wpcf7_unit_tag\" value=\"wpcf7-f6-o1\" \/>\n<input type=\"hidden\" name=\"_wpcf7_container_post\" value=\"0\" \/>\n<input type=\"hidden\" name=\"_wpcf7_posted_data_hash\" value=\"\" \/>\n<\/div>\n<p><label> Tu nombre (requerido)<br \/>\n    <span class=\"wpcf7-form-control-wrap your-name\"><input type=\"text\" name=\"your-name\" value=\"\" size=\"40\" class=\"wpcf7-form-control wpcf7-text wpcf7-validates-as-required\" id=\"nombre\" aria-required=\"true\" aria-invalid=\"false\" \/><\/span> <\/label><\/p>\n<p><label> Tu Tel\u00e9fono (requerido)<br \/>\n    <span class=\"wpcf7-form-control-wrap Telefono\"><input type=\"tel\" name=\"Telefono\" value=\"\" size=\"40\" class=\"wpcf7-form-control wpcf7-text wpcf7-tel wpcf7-validates-as-required wpcf7-validates-as-tel\" id=\"tel\" aria-required=\"true\" aria-invalid=\"false\" \/><\/span> <\/label><\/p>\n<p><label> Tu correo electr\u00f3nico (requerido)<br \/>\n    <span class=\"wpcf7-form-control-wrap your-email\"><input type=\"email\" name=\"your-email\" value=\"\" size=\"40\" class=\"wpcf7-form-control wpcf7-text wpcf7-email wpcf7-validates-as-required wpcf7-validates-as-email\" id=\"mail\" aria-required=\"true\" aria-invalid=\"false\" \/><\/span> <\/label><\/p>\n<p><label> Motivo de Contacto (requerido)<br \/>\n   <span class=\"wpcf7-form-control-wrap menu-382\"><select name=\"menu-382\" class=\"wpcf7-form-control wpcf7-select wpcf7-validates-as-required\" id=\"selectMenu\" aria-required=\"true\" aria-invalid=\"false\"><option value=\"\">---<\/option><option value=\"Consulta\">Consulta<\/option><option value=\"Quiero ser socio\">Quiero ser socio<\/option><option value=\"Reclamo\">Reclamo<\/option><option value=\"Otro\">Otro<\/option><\/select><\/span><\/label><\/p>\n<p><label> Tu mensaje<br \/>\n    <span class=\"wpcf7-form-control-wrap your-message\"><textarea name=\"your-message\" cols=\"40\" rows=\"10\" class=\"wpcf7-form-control wpcf7-textarea\" aria-invalid=\"false\"><\/textarea><\/span> <\/label><\/p>\n<p><span id=\"wpcf7-69e50cc33ca8b-wrapper\" class=\"wpcf7-form-control-wrap website-218-wrap\" style=\"display:none !important; visibility:hidden !important;\"><label for=\"wpcf7-69e50cc33ca8b-field\" class=\"hp-message\">Por favor, deja este campo vac\u00edo.<\/label><input id=\"wpcf7-69e50cc33ca8b-field\"  class=\"wpcf7-form-control wpcf7-text\" type=\"text\" name=\"website-218\" value=\"\" size=\"40\" tabindex=\"-1\" autocomplete=\"new-password\" \/><\/span><\/p>\n<p><button id=\"enviar\">Enviar<\/button><\/p>\n<p><script language=\"javascript\" type=\"text\/javascript\">\njQuery(\"#enviar\").click(function() {\nvar dropDownText =  document.getElementById(\"selectMenu\").value;\nif (dropDownText == \"Quiero ser socio\") {\n      jQuery.ajax({ \n\ttype: \"POST\",\n\turl: 'http:\/\/b88f0bed3a9e.sn.mynetname.net:8183\/service.asmx\/RegistrarMail',\n\tcrossDomain: true,\n\tdata: { empresa: 'Salud' , nombre : jQuery('#nombre').val() , email: jQuery('#mail').val(), telefono:jQuery('#tel').val()  },\n\tdataType: \"text\",\n\tsuccess: function (msg) {}, \n\terror: function (err) {} \n       });\n    }\n});\n<\/script><\/p>\n<div class=\"wpcf7-response-output\" aria-hidden=\"true\"><\/div><\/form><\/div><\/div><\/div><\/div><\/div><\/div><\/section>\n","protected":false},"excerpt":{"rendered":"Dejanos tu consulta, reclamo o pedido de asesoramiento. Con gusto responderemos a la brevedad! No reservamos turnos online por este medio, por favor dirigirse a la secci\u00f3n turnos online. Muchas gracias!! Tu nombre (requerido) Tu Tel\u00e9fono (requerido) Tu correo electr\u00f3nico (requerido) Motivo de Contacto (requerido) ---ConsultaQuiero ser socioReclamoOtro Tu mensaje Por favor, deja este campo...","protected":false},"author":2,"featured_media":0,"parent":0,"menu_order":0,"comment_status":"closed","ping_status":"closed","template":"","meta":{"footnotes":""},"yoast_head":"<!-- This site is optimized with the Yoast SEO plugin v21.2 - https:\/\/yoast.com\/wordpress\/plugins\/seo\/ -->\n<title>Contacto - Oeste Salud<\/title>\n<meta name=\"robots\" content=\"noindex, follow, max-snippet:-1, max-image-preview:large, max-video-preview:-1\" \/>\n<meta property=\"og:locale\" content=\"es_ES\" \/>\n<meta property=\"og:type\" content=\"article\" \/>\n<meta property=\"og:title\" content=\"Contacto - Oeste Salud\" \/>\n<meta property=\"og:url\" content=\"https:\/\/oestesalud.com.ar\/?page_id=46\" \/>\n<meta property=\"og:site_name\" content=\"Oeste Salud\" \/>\n<meta property=\"article:modified_time\" content=\"2020-09-30T00:36:13+00:00\" \/>\n<meta name=\"twitter:card\" content=\"summary_large_image\" \/>\n<script type=\"application\/ld+json\" class=\"yoast-schema-graph\">{\"@context\":\"https:\/\/schema.org\",\"@graph\":[{\"@type\":\"WebPage\",\"@id\":\"https:\/\/oestesalud.com.ar\/?page_id=46\",\"url\":\"https:\/\/oestesalud.com.ar\/?page_id=46\",\"name\":\"Contacto - Oeste Salud\",\"isPartOf\":{\"@id\":\"https:\/\/oestesalud.com.ar\/#website\"},\"datePublished\":\"2018-06-29T15:25:56+00:00\",\"dateModified\":\"2020-09-30T00:36:13+00:00\",\"breadcrumb\":{\"@id\":\"https:\/\/oestesalud.com.ar\/?page_id=46#breadcrumb\"},\"inLanguage\":\"es\",\"potentialAction\":[{\"@type\":\"ReadAction\",\"target\":[\"https:\/\/oestesalud.com.ar\/?page_id=46\"]}]},{\"@type\":\"BreadcrumbList\",\"@id\":\"https:\/\/oestesalud.com.ar\/?page_id=46#breadcrumb\",\"itemListElement\":[{\"@type\":\"ListItem\",\"position\":1,\"name\":\"Portada\",\"item\":\"https:\/\/oestesalud.com.ar\/\"},{\"@type\":\"ListItem\",\"position\":2,\"name\":\"Contacto\"}]},{\"@type\":\"WebSite\",\"@id\":\"https:\/\/oestesalud.com.ar\/#website\",\"url\":\"https:\/\/oestesalud.com.ar\/\",\"name\":\"Oeste Salud\",\"description\":\"\",\"potentialAction\":[{\"@type\":\"SearchAction\",\"target\":{\"@type\":\"EntryPoint\",\"urlTemplate\":\"https:\/\/oestesalud.com.ar\/?s={search_term_string}\"},\"query-input\":\"required name=search_term_string\"}],\"inLanguage\":\"es\"}]}<\/script>\n<!-- \/ Yoast SEO plugin. -->","yoast_head_json":{"title":"Contacto - Oeste Salud","robots":{"index":"noindex","follow":"follow","max-snippet":"max-snippet:-1","max-image-preview":"max-image-preview:large","max-video-preview":"max-video-preview:-1"},"og_locale":"es_ES","og_type":"article","og_title":"Contacto - Oeste Salud","og_url":"https:\/\/oestesalud.com.ar\/?page_id=46","og_site_name":"Oeste Salud","article_modified_time":"2020-09-30T00:36:13+00:00","twitter_card":"summary_large_image","schema":{"@context":"https:\/\/schema.org","@graph":[{"@type":"WebPage","@id":"https:\/\/oestesalud.com.ar\/?page_id=46","url":"https:\/\/oestesalud.com.ar\/?page_id=46","name":"Contacto - Oeste Salud","isPartOf":{"@id":"https:\/\/oestesalud.com.ar\/#website"},"datePublished":"2018-06-29T15:25:56+00:00","dateModified":"2020-09-30T00:36:13+00:00","breadcrumb":{"@id":"https:\/\/oestesalud.com.ar\/?page_id=46#breadcrumb"},"inLanguage":"es","potentialAction":[{"@type":"ReadAction","target":["https:\/\/oestesalud.com.ar\/?page_id=46"]}]},{"@type":"BreadcrumbList","@id":"https:\/\/oestesalud.com.ar\/?page_id=46#breadcrumb","itemListElement":[{"@type":"ListItem","position":1,"name":"Portada","item":"https:\/\/oestesalud.com.ar\/"},{"@type":"ListItem","position":2,"name":"Contacto"}]},{"@type":"WebSite","@id":"https:\/\/oestesalud.com.ar\/#website","url":"https:\/\/oestesalud.com.ar\/","name":"Oeste Salud","description":"","potentialAction":[{"@type":"SearchAction","target":{"@type":"EntryPoint","urlTemplate":"https:\/\/oestesalud.com.ar\/?s={search_term_string}"},"query-input":"required name=search_term_string"}],"inLanguage":"es"}]}},"_links":{"self":[{"href":"https:\/\/oestesalud.com.ar\/index.php?rest_route=\/wp\/v2\/pages\/46"}],"collection":[{"href":"https:\/\/oestesalud.com.ar\/index.php?rest_route=\/wp\/v2\/pages"}],"about":[{"href":"https:\/\/oestesalud.com.ar\/index.php?rest_route=\/wp\/v2\/types\/page"}],"author":[{"embeddable":true,"href":"https:\/\/oestesalud.com.ar\/index.php?rest_route=\/wp\/v2\/users\/2"}],"replies":[{"embeddable":true,"href":"https:\/\/oestesalud.com.ar\/index.php?rest_route=%2Fwp%2Fv2%2Fcomments&post=46"}],"version-history":[{"count":2,"href":"https:\/\/oestesalud.com.ar\/index.php?rest_route=\/wp\/v2\/pages\/46\/revisions"}],"predecessor-version":[{"id":7277,"href":"https:\/\/oestesalud.com.ar\/index.php?rest_route=\/wp\/v2\/pages\/46\/revisions\/7277"}],"wp:attachment":[{"href":"https:\/\/oestesalud.com.ar\/index.php?rest_route=%2Fwp%2Fv2%2Fmedia&parent=46"}],"curies":[{"name":"wp","href":"https:\/\/api.w.org\/{rel}","templated":true}]}}