{"id":5796,"date":"2013-05-31T08:44:43","date_gmt":"2013-05-31T08:44:43","guid":{"rendered":"http:\/\/impreza.us-themes.net\/"},"modified":"2023-09-20T15:31:02","modified_gmt":"2023-09-20T18:31:02","slug":"home","status":"publish","type":"page","link":"https:\/\/oestesalud.com.ar\/","title":{"rendered":"Home"},"content":{"rendered":"<section class=\"l-section wpb_row height_medium width_full color_custom\"><div class=\"l-section-h i-cf\"><div class=\"g-cols vc_row type_default valign_top\"><div class=\"vc_col-sm-12 wpb_column vc_column_container\"><div class=\"vc_column-inner\"><div class=\"wpb_wrapper\">[rev_slider_vc alias=\u00bboeste-salud\u00bb]<\/div><\/div><\/div><\/div><\/div><\/section><section class=\"l-section wpb_row height_medium\" id=\"first\"><div class=\"l-section-h i-cf\"><div class=\"g-cols vc_row type_default valign_top\"><div class=\"vc_col-sm-12 wpb_column vc_column_container\"><div class=\"vc_column-inner\"><div class=\"wpb_wrapper\"><div class=\"g-cols wpb_row  type_default valign_top vc_inner \"><div class=\"vc_col-sm-12 wpb_column vc_column_container\"><div class=\"vc_column-inner\"><div class=\"wpb_wrapper\">\r\n\t<div class=\"wpb_text_column \">\r\n\t\t<div class=\"wpb_wrapper\">\r\n\t\t\t<h1 style=\"text-align: center;\"><strong>MUTUAL SERVICIOS SOCIALES OESTE<\/strong><\/h1>\n\r\n\t\t<\/div>\r\n\t<\/div>\r\n<\/div><\/div><\/div><\/div>\r\n\t<div class=\"wpb_text_column \">\r\n\t\t<div class=\"wpb_wrapper\">\r\n\t\t\t<p>&nbsp;<\/p>\n<p style=\"text-align: center;\"><strong>Oeste Salud<\/strong> es una empresa de Oeste Servicios Sociales que cuenta con dos cl\u00ednicas propias, con consultorios totalmente equipados para brindar atenci\u00f3n m\u00e9dica en todas las especialidades y realizar estudios de media y alta complejidad.<\/p>\n\r\n\t\t<\/div>\r\n\t<\/div>\r\n<\/div><\/div><\/div><\/div><\/div><\/section><section class=\"l-section wpb_row height_auto\" id=\"fourth\"><div class=\"l-section-h i-cf\"><div class=\"g-cols vc_row type_default valign_top\"><div class=\"vc_col-sm-12 wpb_column vc_column_container\"><div class=\"vc_column-inner\"><div class=\"wpb_wrapper\"><div class=\"w-image align_center\"><div class=\"w-image-h\"><img loading=\"lazy\" decoding=\"async\" width=\"1020\" height=\"126\" src=\"https:\/\/oestesalud.com.ar\/wp-content\/uploads\/2018\/08\/clin.jpg\" class=\"attachment-large size-large\" alt=\"\" srcset=\"https:\/\/oestesalud.com.ar\/wp-content\/uploads\/2018\/08\/clin.jpg 1020w, https:\/\/oestesalud.com.ar\/wp-content\/uploads\/2018\/08\/clin-300x37.jpg 300w, https:\/\/oestesalud.com.ar\/wp-content\/uploads\/2018\/08\/clin-600x74.jpg 600w\" sizes=\"(max-width: 1020px) 100vw, 1020px\" \/><\/div><\/div><div class=\"w-separator size_medium\"><\/div><\/div><\/div><\/div><\/div><\/div><\/section><section class=\"l-section wpb_row height_auto\"><div class=\"l-section-h i-cf\"><div class=\"g-cols vc_row type_default valign_top\"><div class=\"vc_col-sm-4 wpb_column vc_column_container\"><div class=\"vc_column-inner\"><div class=\"wpb_wrapper\"><div class=\"w-separator size_medium\"><\/div><div class=\"w-image align_right\"><div class=\"w-image-h\"><img loading=\"lazy\" decoding=\"async\" width=\"293\" height=\"195\" src=\"https:\/\/oestesalud.com.ar\/wp-content\/uploads\/2018\/08\/sal1.jpg\" class=\"attachment-large size-large\" alt=\"\" \/><\/div><\/div><\/div><\/div><\/div><div class=\"vc_col-sm-4 wpb_column vc_column_container\"><div class=\"vc_column-inner\"><div class=\"wpb_wrapper\"><div class=\"w-separator size_medium\"><\/div><div class=\"w-image align_center\"><div class=\"w-image-h\"><img loading=\"lazy\" decoding=\"async\" width=\"293\" height=\"195\" src=\"https:\/\/oestesalud.com.ar\/wp-content\/uploads\/2018\/08\/sal2.jpg\" class=\"attachment-large size-large\" alt=\"\" \/><\/div><\/div><\/div><\/div><\/div><div class=\"vc_col-sm-4 wpb_column vc_column_container\"><div class=\"vc_column-inner\"><div class=\"wpb_wrapper\"><div class=\"w-separator size_medium\"><\/div><div class=\"w-image align_left\"><div class=\"w-image-h\"><img loading=\"lazy\" decoding=\"async\" width=\"293\" height=\"195\" src=\"https:\/\/oestesalud.com.ar\/wp-content\/uploads\/2018\/08\/sal3.jpg\" class=\"attachment-large size-large\" alt=\"\" \/><\/div><\/div><\/div><\/div><\/div><\/div><\/div><\/section><section class=\"l-section wpb_row height_auto\"><div class=\"l-section-h i-cf\"><div class=\"g-cols vc_row type_default valign_top\"><div class=\"vc_col-sm-4 wpb_column vc_column_container\"><div class=\"vc_column-inner\"><div class=\"wpb_wrapper\"><div class=\"w-separator size_medium\"><\/div><div class=\"w-image align_right\"><div class=\"w-image-h\"><img loading=\"lazy\" decoding=\"async\" width=\"293\" height=\"195\" src=\"https:\/\/oestesalud.com.ar\/wp-content\/uploads\/2018\/08\/sal4.jpg\" class=\"attachment-large size-large\" alt=\"\" \/><\/div><\/div><\/div><\/div><\/div><div class=\"vc_col-sm-4 wpb_column vc_column_container\"><div class=\"vc_column-inner\"><div class=\"wpb_wrapper\"><div class=\"w-separator size_medium\"><\/div><div class=\"w-image align_center\"><div class=\"w-image-h\"><img loading=\"lazy\" decoding=\"async\" width=\"293\" height=\"195\" src=\"https:\/\/oestesalud.com.ar\/wp-content\/uploads\/2018\/08\/sal5.jpg\" class=\"attachment-large size-large\" alt=\"\" \/><\/div><\/div><\/div><\/div><\/div><div class=\"vc_col-sm-4 wpb_column vc_column_container\"><div class=\"vc_column-inner\"><div class=\"wpb_wrapper\"><div class=\"w-separator size_medium\"><\/div><div class=\"w-image align_left\"><div class=\"w-image-h\"><img loading=\"lazy\" decoding=\"async\" width=\"293\" height=\"195\" src=\"https:\/\/oestesalud.com.ar\/wp-content\/uploads\/2018\/08\/sal6.jpg\" class=\"attachment-large size-large\" alt=\"\" \/><\/div><\/div><\/div><\/div><\/div><\/div><\/div><\/section><section class=\"l-section wpb_row height_auto\"><div class=\"l-section-h i-cf\"><div class=\"g-cols vc_row type_default valign_top\"><div class=\"vc_col-sm-12 wpb_column vc_column_container\"><div class=\"vc_column-inner\"><div class=\"wpb_wrapper\"><div class=\"w-separator size_medium\"><\/div><div class=\"w-image align_center\"><div class=\"w-image-h\"><img loading=\"lazy\" decoding=\"async\" width=\"1022\" height=\"127\" src=\"https:\/\/oestesalud.com.ar\/wp-content\/uploads\/2018\/08\/turnos.jpg\" class=\"attachment-large size-large\" alt=\"\" srcset=\"https:\/\/oestesalud.com.ar\/wp-content\/uploads\/2018\/08\/turnos.jpg 1022w, https:\/\/oestesalud.com.ar\/wp-content\/uploads\/2018\/08\/turnos-300x37.jpg 300w, https:\/\/oestesalud.com.ar\/wp-content\/uploads\/2018\/08\/turnos-600x75.jpg 600w\" sizes=\"(max-width: 1022px) 100vw, 1022px\" \/><\/div><\/div><div class=\"w-separator size_medium\"><\/div><\/div><\/div><\/div><\/div><\/div><\/section><section class=\"l-section wpb_row height_auto\"><div class=\"l-section-h i-cf\"><div class=\"g-cols vc_row type_default valign_top\"><div class=\"vc_col-sm-4 wpb_column vc_column_container\"><div class=\"vc_column-inner\"><div class=\"wpb_wrapper\"><div class=\"w-iconbox iconpos_top style_circle color_primary align_center no_text\"><div class=\"w-iconbox-icon\"><i class=\"fas fa-hospital-alt\"><\/i><\/div><div class=\"w-iconbox-meta\"><h4 class=\"w-iconbox-title\">Cl\u00ednicas propias<\/h4><\/div><\/div><div class=\"w-separator size_medium\"><\/div><\/div><\/div><\/div><div class=\"vc_col-sm-4 wpb_column vc_column_container\"><div class=\"vc_column-inner\"><div class=\"wpb_wrapper\"><div class=\"w-iconbox iconpos_top style_circle color_primary align_center no_text\"><div class=\"w-iconbox-icon\"><i class=\"fas fa-file-medical\"><\/i><\/div><div class=\"w-iconbox-meta\"><h4 class=\"w-iconbox-title\">Todas las especialidades m\u00e9dicas<\/h4><\/div><\/div><div class=\"w-separator size_medium\"><\/div><\/div><\/div><\/div><div class=\"vc_col-sm-4 wpb_column vc_column_container\"><div class=\"vc_column-inner\"><div class=\"wpb_wrapper\"><div class=\"w-iconbox iconpos_top style_circle color_primary align_center no_text\"><div class=\"w-iconbox-icon\"><i class=\"fas fa-syringe\"><\/i><\/div><div class=\"w-iconbox-meta\"><h4 class=\"w-iconbox-title\">Servicios Propios<\/h4><\/div><\/div><div class=\"w-separator size_medium\"><\/div><\/div><\/div><\/div><\/div><\/div><\/section><section class=\"l-section wpb_row height_auto\"><div class=\"l-section-h i-cf\"><div class=\"g-cols vc_row type_default valign_top\"><div class=\"vc_col-sm-4 wpb_column vc_column_container\"><div class=\"vc_column-inner\"><div class=\"wpb_wrapper\"><div class=\"w-separator size_medium\"><\/div><\/div><\/div><\/div><div class=\"vc_col-sm-4 wpb_column vc_column_container\"><div class=\"vc_column-inner\"><div class=\"wpb_wrapper\"><div class=\"w-separator size_medium\"><\/div><\/div><\/div><\/div><div class=\"vc_col-sm-4 wpb_column vc_column_container\"><div class=\"vc_column-inner\"><div class=\"wpb_wrapper\"><div class=\"w-separator size_medium\"><\/div><\/div><\/div><\/div><\/div><\/div><\/section><section class=\"l-section wpb_row height_auto with_img\" style=\"margin-top: 5px !important;margin-bottom: 5px !important;\"><div class=\"l-section-img\" style=\"background-image: url(https:\/\/oestesalud.com.ar\/wp-content\/uploads\/2018\/08\/fretu.jpg);\" data-img-width=\"1034\" data-img-height=\"772\"><\/div><div class=\"l-section-h i-cf\" style=\"padding-top: -10px !important;\"><div class=\"g-cols vc_row type_default valign_top\"><div class=\"vc_col-sm-8 wpb_column vc_column_container\"><div class=\"vc_column-inner\"><div class=\"wpb_wrapper\">\r\n\t<div class=\"wpb_text_column  vc_custom_1570798495914\">\r\n\t\t<div class=\"wpb_wrapper\">\r\n\t\t\t<h3><span style=\"color: #ffffff;\"><em><strong>BENEFICIOS<\/strong><\/em><\/span><\/h3>\n<p><span style=\"color: #ffffff;\">\u2192 Planes Individuales y grupales sin l\u00edmi<\/span><span style=\"color: #ffffff;\">te de edad.<\/span><br \/>\n<span style=\"color: #ffffff;\">\u2192 Reconocimiento de antig\u00fcedad a socios de otras empresas.<\/span><br \/>\n<span style=\"color: #ffffff;\">\u2192 Importantes descuentos por d\u00e9bito autom\u00e1tico.<\/span><br \/>\n<span style=\"color: #ffffff;\">\u2192 Descuentos en Farmacias.<\/span><br \/>\n<span style=\"color: #ffffff;\">\u2192 Descuentos en \u00f3pticas y ortopedias.<\/span><\/p>\n\r\n\t\t<\/div>\r\n\t<\/div>\r\n<\/div><\/div><\/div><div class=\"vc_col-sm-4 wpb_column vc_column_container has-fill\"><div class=\"vc_column-inner  vc_custom_1570801634476\"><div class=\"wpb_wrapper\"><div role=\"form\" class=\"wpcf7\" id=\"wpcf7-f6373-o1\" lang=\"es-ES\" dir=\"ltr\">\n<div class=\"screen-reader-response\"><p role=\"status\" aria-live=\"polite\" aria-atomic=\"true\"><\/p> <ul><\/ul><\/div>\n<form action=\"\/index.php?rest_route=%2Fwp%2Fv2%2Fpages%2F5796#wpcf7-f6373-o1\" method=\"post\" class=\"wpcf7-form init cf7-style minimal-brown\" novalidate=\"novalidate\" data-status=\"init\">\n<div style=\"display: none;\">\n<input type=\"hidden\" name=\"_wpcf7\" value=\"6373\" \/>\n<input type=\"hidden\" name=\"_wpcf7_version\" value=\"5.4.2\" \/>\n<input type=\"hidden\" name=\"_wpcf7_locale\" value=\"es_ES\" \/>\n<input type=\"hidden\" name=\"_wpcf7_unit_tag\" value=\"wpcf7-f6373-o1\" \/>\n<input type=\"hidden\" name=\"_wpcf7_container_post\" value=\"0\" \/>\n<input type=\"hidden\" name=\"_wpcf7_posted_data_hash\" value=\"\" \/>\n<\/div>\n<h3><font color=\"navy\"><b>\u00a1ASOCIATE HOY!<\/h3>\n<p><\/b><\/p>\n<h5>Dej\u00e1 tus datos y te contactar\u00e1 un asesor con un plan a tu medida.<\/h5>\n<div style=\"margin-bottom: 5px;\">\n<span class=\"wpcf7-form-control-wrap nombre\"><input type=\"text\" name=\"nombre\" value=\"\" size=\"40\" class=\"wpcf7-form-control wpcf7-text wpcf7-validates-as-required\" id=\"nombre\" aria-required=\"true\" aria-invalid=\"false\" placeholder=\"Nombre y Apellido\" \/><\/span>\n<\/div>\n<div style=\"margin-bottom: 5px;\">\n<span class=\"wpcf7-form-control-wrap email\"><input type=\"email\" name=\"email\" value=\"\" size=\"40\" class=\"wpcf7-form-control wpcf7-text wpcf7-email wpcf7-validates-as-required wpcf7-validates-as-email\" id=\"mail\" aria-required=\"true\" aria-invalid=\"false\" placeholder=\"E-mail\" \/><\/span>\n<\/div>\n<div style=\"margin-bottom: 5px;\">\n<span class=\"wpcf7-form-control-wrap tel\"><input type=\"tel\" name=\"tel\" value=\"\" size=\"40\" class=\"wpcf7-form-control wpcf7-text wpcf7-tel wpcf7-validates-as-required wpcf7-validates-as-tel\" id=\"tel\" aria-required=\"true\" aria-invalid=\"false\" placeholder=\"Tel\u00e9fono\" \/><\/span>\n<\/div>\n<div style=\"margin-bottom: 5px;\">\n<span class=\"wpcf7-form-control-wrap menu-253\"><select name=\"menu-253\" class=\"wpcf7-form-control wpcf7-select wpcf7-validates-as-required\" aria-required=\"true\" aria-invalid=\"false\"><option value=\"Empresa \/ Particular\">Empresa \/ Particular<\/option><option value=\"Particular\">Particular<\/option><option value=\"Empresa\">Empresa<\/option><\/select><\/span>\n<\/div>\n<div>\n<button id=\"enviar\">Enviar<\/button>\n<\/div>\n<div class=\"wpcf7-response-output\" aria-hidden=\"true\"><\/div><\/form><\/div>[vc_raw_js]JTNDc2NyaXB0JTNFJTBBalF1ZXJ5JTI4JTIyJTIzZW52aWFyJTIyJTI5LmNsaWNrJTI4ZnVuY3Rpb24lMjglMjklMjAlN0IlMEElMEElMDlpZiUyOGpRdWVyeSUyOCUyMiUyM25vbWJyZSUyMiUyOS52YWwlMjglMjklMjAlMjYlMjYlMjBqUXVlcnklMjglMjIlMjN0ZWwlMjIlMjkudmFsJTI4JTI5JTIwJTI2JTI2JTIwalF1ZXJ5JTI4JTIyJTIzbWFpbCUyMiUyOS52YWwlMjglMjklMjAlMjklMEElMDklN0IlMEFqUXVlcnkuYWpheCUyOCU3QiUyMCUwQSUwOXR5cGUlM0ElMjAlMjJQT1NUJTIyJTJDJTBBJTA5dXJsJTNBJTIwJTI3aHR0cCUzQSUyRiUyRmI4OGYwYmVkM2E5ZS5zbi5teW5ldG5hbWUubmV0JTNBODE4MyUyRnNlcnZpY2UuYXNteCUyRlJlZ2lzdHJhck1haWwlMjclMkMlMEElMDljcm9zc0RvbWFpbiUzQSUyMHRydWUlMkMlMEElMDlkYXRhJTNBJTIwJTdCJTIwZW1wcmVzYSUzQSUyMCUyN1NhbHVkJTI3JTIwJTJDJTIwbm9tYnJlJTIwJTNBJTIwalF1ZXJ5JTI4JTI3JTIzbm9tYnJlJTI3JTI5LnZhbCUyOCUyOSUyMCUyQyUyMGVtYWlsJTNBJTIwalF1ZXJ5JTI4JTI3JTIzbWFpbCUyNyUyOS52YWwlMjglMjklMkMlMjB0ZWxlZm9ubyUzQWpRdWVyeSUyOCUyNyUyM3RlbCUyNyUyOS52YWwlMjglMjklMjAlMjAlN0QlMkMlMEElMDlkYXRhVHlwZSUzQSUyMCUyMnRleHQlMjIlMkMlMEElMDlzdWNjZXNzJTNBJTIwZnVuY3Rpb24lMjAlMjhtc2clMjklMjAlN0IlMjAlMEElMDklMDklMEElMDklN0QlMjAlMEElMDklMkMlMjAlMEElMDllcnJvciUzQSUyMGZ1bmN0aW9uJTIwJTI4ZXJyJTI5JTIwJTdCJTIwJTBBJTA5JTA5JTBBJTA5JTdEJTIwJTBBJTdEJTI5JTNCJTIwJTBBJTBBJTdEJTBBJTdEJTI5JTNCJTBBJTNDJTJGc2NyaXB0JTNF[\/vc_raw_js]<\/div><\/div><\/div><\/div><\/div><\/section>\n","protected":false},"excerpt":{"rendered":"[rev_slider_vc alias=\"oeste-salud\"] MUTUAL SERVICIOS SOCIALES OESTE &nbsp; Oeste Salud es una empresa de Oeste Servicios Sociales que cuenta con dos cl\u00ednicas propias, con consultorios totalmente equipados para brindar atenci\u00f3n m\u00e9dica en todas las especialidades y realizar estudios de media y alta complejidad. Cl\u00ednicas propiasTodas las especialidades m\u00e9dicasServicios Propios BENEFICIOS \u2192 Planes Individuales y grupales sin...","protected":false},"author":2,"featured_media":0,"parent":0,"menu_order":0,"comment_status":"closed","ping_status":"closed","template":"","meta":{"footnotes":""},"yoast_head":"<!-- This site is optimized with the Yoast SEO plugin v21.2 - https:\/\/yoast.com\/wordpress\/plugins\/seo\/ -->\n<title>Home - Oeste Salud<\/title>\n<meta name=\"robots\" content=\"noindex, follow, max-snippet:-1, max-image-preview:large, max-video-preview:-1\" \/>\n<meta property=\"og:locale\" content=\"es_ES\" \/>\n<meta property=\"og:type\" content=\"article\" \/>\n<meta property=\"og:title\" content=\"Home - Oeste Salud\" \/>\n<meta property=\"og:url\" content=\"https:\/\/oestesalud.com.ar\/\" \/>\n<meta property=\"og:site_name\" content=\"Oeste Salud\" \/>\n<meta property=\"article:modified_time\" content=\"2023-09-20T18:31:02+00:00\" \/>\n<meta name=\"twitter:card\" content=\"summary_large_image\" \/>\n<meta name=\"twitter:label1\" content=\"Tiempo de lectura\" \/>\n\t<meta name=\"twitter:data1\" content=\"1 minuto\" \/>\n<script type=\"application\/ld+json\" class=\"yoast-schema-graph\">{\"@context\":\"https:\/\/schema.org\",\"@graph\":[{\"@type\":\"WebPage\",\"@id\":\"https:\/\/oestesalud.com.ar\/\",\"url\":\"https:\/\/oestesalud.com.ar\/\",\"name\":\"Home - Oeste Salud\",\"isPartOf\":{\"@id\":\"https:\/\/oestesalud.com.ar\/#website\"},\"datePublished\":\"2013-05-31T08:44:43+00:00\",\"dateModified\":\"2023-09-20T18:31:02+00:00\",\"breadcrumb\":{\"@id\":\"https:\/\/oestesalud.com.ar\/#breadcrumb\"},\"inLanguage\":\"es\",\"potentialAction\":[{\"@type\":\"ReadAction\",\"target\":[\"https:\/\/oestesalud.com.ar\/\"]}]},{\"@type\":\"BreadcrumbList\",\"@id\":\"https:\/\/oestesalud.com.ar\/#breadcrumb\",\"itemListElement\":[{\"@type\":\"ListItem\",\"position\":1,\"name\":\"Portada\",\"item\":\"https:\/\/oestesalud.com.ar\/\"},{\"@type\":\"ListItem\",\"position\":2,\"name\":\"Home\"}]},{\"@type\":\"WebSite\",\"@id\":\"https:\/\/oestesalud.com.ar\/#website\",\"url\":\"https:\/\/oestesalud.com.ar\/\",\"name\":\"Oeste Salud\",\"description\":\"\",\"potentialAction\":[{\"@type\":\"SearchAction\",\"target\":{\"@type\":\"EntryPoint\",\"urlTemplate\":\"https:\/\/oestesalud.com.ar\/?s={search_term_string}\"},\"query-input\":\"required name=search_term_string\"}],\"inLanguage\":\"es\"}]}<\/script>\n<!-- \/ Yoast SEO plugin. -->","yoast_head_json":{"title":"Home - Oeste Salud","robots":{"index":"noindex","follow":"follow","max-snippet":"max-snippet:-1","max-image-preview":"max-image-preview:large","max-video-preview":"max-video-preview:-1"},"og_locale":"es_ES","og_type":"article","og_title":"Home - Oeste Salud","og_url":"https:\/\/oestesalud.com.ar\/","og_site_name":"Oeste Salud","article_modified_time":"2023-09-20T18:31:02+00:00","twitter_card":"summary_large_image","twitter_misc":{"Tiempo de lectura":"1 minuto"},"schema":{"@context":"https:\/\/schema.org","@graph":[{"@type":"WebPage","@id":"https:\/\/oestesalud.com.ar\/","url":"https:\/\/oestesalud.com.ar\/","name":"Home - Oeste Salud","isPartOf":{"@id":"https:\/\/oestesalud.com.ar\/#website"},"datePublished":"2013-05-31T08:44:43+00:00","dateModified":"2023-09-20T18:31:02+00:00","breadcrumb":{"@id":"https:\/\/oestesalud.com.ar\/#breadcrumb"},"inLanguage":"es","potentialAction":[{"@type":"ReadAction","target":["https:\/\/oestesalud.com.ar\/"]}]},{"@type":"BreadcrumbList","@id":"https:\/\/oestesalud.com.ar\/#breadcrumb","itemListElement":[{"@type":"ListItem","position":1,"name":"Portada","item":"https:\/\/oestesalud.com.ar\/"},{"@type":"ListItem","position":2,"name":"Home"}]},{"@type":"WebSite","@id":"https:\/\/oestesalud.com.ar\/#website","url":"https:\/\/oestesalud.com.ar\/","name":"Oeste Salud","description":"","potentialAction":[{"@type":"SearchAction","target":{"@type":"EntryPoint","urlTemplate":"https:\/\/oestesalud.com.ar\/?s={search_term_string}"},"query-input":"required name=search_term_string"}],"inLanguage":"es"}]}},"_links":{"self":[{"href":"https:\/\/oestesalud.com.ar\/index.php?rest_route=\/wp\/v2\/pages\/5796"}],"collection":[{"href":"https:\/\/oestesalud.com.ar\/index.php?rest_route=\/wp\/v2\/pages"}],"about":[{"href":"https:\/\/oestesalud.com.ar\/index.php?rest_route=\/wp\/v2\/types\/page"}],"author":[{"embeddable":true,"href":"https:\/\/oestesalud.com.ar\/index.php?rest_route=\/wp\/v2\/users\/2"}],"replies":[{"embeddable":true,"href":"https:\/\/oestesalud.com.ar\/index.php?rest_route=%2Fwp%2Fv2%2Fcomments&post=5796"}],"version-history":[{"count":99,"href":"https:\/\/oestesalud.com.ar\/index.php?rest_route=\/wp\/v2\/pages\/5796\/revisions"}],"predecessor-version":[{"id":7334,"href":"https:\/\/oestesalud.com.ar\/index.php?rest_route=\/wp\/v2\/pages\/5796\/revisions\/7334"}],"wp:attachment":[{"href":"https:\/\/oestesalud.com.ar\/index.php?rest_route=%2Fwp%2Fv2%2Fmedia&parent=5796"}],"curies":[{"name":"wp","href":"https:\/\/api.w.org\/{rel}","templated":true}]}}