{"id":6775,"date":"2018-09-13T18:57:58","date_gmt":"2018-09-13T18:57:58","guid":{"rendered":"https:\/\/oestesalud.com.ar\/?page_id=6775"},"modified":"2019-07-03T17:16:33","modified_gmt":"2019-07-03T17:16:33","slug":"novedades-oeste-salud","status":"publish","type":"page","link":"https:\/\/oestesalud.com.ar\/?page_id=6775","title":{"rendered":"Novedades Oeste Salud"},"content":{"rendered":"<section class=\"l-section wpb_row height_auto width_full color_alternate\"><div class=\"l-section-h i-cf\"><div class=\"g-cols vc_row type_default valign_top\"><div class=\"vc_col-sm-12 wpb_column vc_column_container\"><div class=\"vc_column-inner\"><div class=\"wpb_wrapper\"><div class=\"w-grid type_masonry layout_blog_cards cols_5 overflow_hidden with_isotope\" id=\"us_grid_1\"><style id=\"us_grid_1_css\">#us_grid_1 .w-grid-item{padding:5px}#us_grid_1 .w-grid-list{margin:-5px -5px 5px}.w-grid + #us_grid_1 .w-grid-list{margin-top:5px}.l-section.width_full>div>div>.vc_col-sm-12>div>div>#us_grid_1 .w-grid-list{margin-left:5px;margin-right:5px}.l-section.height_auto>div>div>.vc_col-sm-12>div>div>#us_grid_1:first-child .w-grid-list{margin-top:5px}.l-section.height_auto>div>div>.vc_col-sm-12>div>div>#us_grid_1:last-child .w-grid-list{margin-bottom:5px}@media (max-width:1199px){#us_grid_1 .w-grid-item{width:33.333333333333%}}@media (max-width:899px){#us_grid_1 .w-grid-item{width:50%}}@media (max-width:599px){#us_grid_1 .w-grid-list{margin:0}#us_grid_1 .w-grid-item{width:100%;padding:0;margin-bottom:5px}}<\/style><style>#us_grid_1 .w-grid-item-h{background:#ffffff;color:#333333;border-radius:0.3rem;z-index:3;box-shadow:0 0.03rem 0.06rem rgba(0,0,0,0.1),0 0.10rem 0.30rem rgba(0,0,0,0.1);transition-duration:0.3s}.no-touch #us_grid_1 .w-grid-item-h:hover{box-shadow:0 0.10rem 0.20rem rgba(0,0,0,0.1),0 0.33rem 1.00rem rgba(0,0,0,0.15);z-index:4}#us_grid_1 .usg_post_image_1{}#us_grid_1 .usg_post_title_1{font-weight:700;font-size:1.4rem}@media (max-width:599px){#us_grid_1 .usg_post_title_1{font-size:1.2rem !important}}#us_grid_1 .usg_vwrapper_1{}#us_grid_1 .usg_post_taxonomy_1{font-weight:700;text-transform:uppercase;font-size:10px}#us_grid_1 .usg_hwrapper_1{color:#999999}#us_grid_1 .usg_post_date_1{font-size:0.9rem}#us_grid_1 .usg_post_comments_1{font-size:0.9rem}#us_grid_1 .usg_post_content_1{}#us_grid_1 .usg_vwrapper_1{padding-top:9%;padding-right:11%;padding-bottom:11%;padding-left:11%}#us_grid_1 .usg_post_taxonomy_1{position:absolute;top:1.2rem;left:1.2rem;right:1.2rem}<\/style><div class=\"w-grid-list\"><article class=\"w-grid-item size_1x1 post-7251 post type-post status-publish format-standard has-post-thumbnail hentry category-oeste-salud\" data-id=\"7251\">\r\n\t<div class=\"w-grid-item-h\">\r\n\t\t\t\t<div class=\"w-post-elm post_image usg_post_image_1 stretched\"><a href=\"https:\/\/oestesalud.com.ar\/?p=7251\" aria-label=\"Informamos que el vacunatorio est\u00e1 en funcionamiento.\"><img loading=\"lazy\" decoding=\"async\" width=\"1024\" height=\"1024\" src=\"https:\/\/oestesalud.com.ar\/wp-content\/uploads\/2020\/04\/vacunatorios-1024x1024.jpg\" class=\"attachment-large size-large wp-post-image\" alt=\"\" srcset=\"https:\/\/oestesalud.com.ar\/wp-content\/uploads\/2020\/04\/vacunatorios-1024x1024.jpg 1024w, https:\/\/oestesalud.com.ar\/wp-content\/uploads\/2020\/04\/vacunatorios-150x150.jpg 150w, https:\/\/oestesalud.com.ar\/wp-content\/uploads\/2020\/04\/vacunatorios-300x300.jpg 300w, https:\/\/oestesalud.com.ar\/wp-content\/uploads\/2020\/04\/vacunatorios-350x350.jpg 350w, https:\/\/oestesalud.com.ar\/wp-content\/uploads\/2020\/04\/vacunatorios-600x600.jpg 600w, https:\/\/oestesalud.com.ar\/wp-content\/uploads\/2020\/04\/vacunatorios.jpg 1080w\" sizes=\"(max-width: 1024px) 100vw, 1024px\" \/><\/a><\/div><div class=\"w-post-elm post_taxonomy usg_post_taxonomy_1 style_badge color_link_inherit\"><a class=\"w-btn us-btn-style_badge\" href=\"https:\/\/oestesalud.com.ar\/?cat=37\">Oeste Salud<\/a><\/div><div class=\"w-vwrapper usg_vwrapper_1 align_left valign_top \"><h2 class=\"w-post-elm post_title usg_post_title_1 entry-title color_link_inherit\"><a href=\"https:\/\/oestesalud.com.ar\/?p=7251\">Informamos que el vacunatorio est\u00e1 en funcionamiento.<\/a><\/h2><div class=\"w-hwrapper usg_hwrapper_1 align_left valign_top wrap \"><time class=\"w-post-elm post_date usg_post_date_1 entry-date published\" datetime=\"2020-04-13T15:13:12-03:00\" title=\"13 abril 2020 a las 15:13:12 -03:00\">13 Abr 2020<\/time><div class=\"w-post-elm post_comments usg_post_comments_1 layout_amount color_link_inherit\"><i class=\"far fa-comments\"><\/i><a class=\"smooth-scroll\" href=\"https:\/\/oestesalud.com.ar\/?p=7251#respond\">0<\/a><\/div><\/div><div class=\"w-post-elm post_content usg_post_content_1\">Importante:Atenderemos con horario reducido.Los turnos se solicitar\u00e1n solo por v\u00eda telef\u00f3nica en los n\u00fameros mencionados.<\/div><\/div>\t<\/div>\r\n<\/article>\r\n<article class=\"w-grid-item size_1x1 post-7248 post type-post status-publish format-standard has-post-thumbnail hentry category-oeste-salud\" data-id=\"7248\">\r\n\t<div class=\"w-grid-item-h\">\r\n\t\t\t\t<div class=\"w-post-elm post_image usg_post_image_1 stretched\"><a href=\"https:\/\/oestesalud.com.ar\/?p=7248\" aria-label=\"Recordamos que los turnos solamente se entregan de forma telef\u00f3nica.\"><img loading=\"lazy\" decoding=\"async\" width=\"1024\" height=\"1024\" src=\"https:\/\/oestesalud.com.ar\/wp-content\/uploads\/2020\/04\/recordatorio-clinica-1024x1024.jpg\" class=\"attachment-large size-large wp-post-image\" alt=\"\" srcset=\"https:\/\/oestesalud.com.ar\/wp-content\/uploads\/2020\/04\/recordatorio-clinica-1024x1024.jpg 1024w, https:\/\/oestesalud.com.ar\/wp-content\/uploads\/2020\/04\/recordatorio-clinica-150x150.jpg 150w, https:\/\/oestesalud.com.ar\/wp-content\/uploads\/2020\/04\/recordatorio-clinica-300x300.jpg 300w, https:\/\/oestesalud.com.ar\/wp-content\/uploads\/2020\/04\/recordatorio-clinica-350x350.jpg 350w, https:\/\/oestesalud.com.ar\/wp-content\/uploads\/2020\/04\/recordatorio-clinica-600x600.jpg 600w, https:\/\/oestesalud.com.ar\/wp-content\/uploads\/2020\/04\/recordatorio-clinica.jpg 1080w\" sizes=\"(max-width: 1024px) 100vw, 1024px\" \/><\/a><\/div><div class=\"w-post-elm post_taxonomy usg_post_taxonomy_1 style_badge color_link_inherit\"><a class=\"w-btn us-btn-style_badge\" href=\"https:\/\/oestesalud.com.ar\/?cat=37\">Oeste Salud<\/a><\/div><div class=\"w-vwrapper usg_vwrapper_1 align_left valign_top \"><h2 class=\"w-post-elm post_title usg_post_title_1 entry-title color_link_inherit\"><a href=\"https:\/\/oestesalud.com.ar\/?p=7248\">Recordamos que los turnos solamente se entregan de forma telef\u00f3nica.<\/a><\/h2><div class=\"w-hwrapper usg_hwrapper_1 align_left valign_top wrap \"><time class=\"w-post-elm post_date usg_post_date_1 entry-date published\" datetime=\"2020-04-13T15:10:54-03:00\" title=\"13 abril 2020 a las 15:10:54 -03:00\">13 Abr 2020<\/time><div class=\"w-post-elm post_comments usg_post_comments_1 layout_amount color_link_inherit\"><i class=\"far fa-comments\"><\/i><a class=\"smooth-scroll\" href=\"https:\/\/oestesalud.com.ar\/?p=7248#respond\">0<\/a><\/div><\/div><div class=\"w-post-elm post_content usg_post_content_1\">Rogamos tener paciencia y no acercarse a las clinicas si no tiene agendado un horario con los profesionales.<\/div><\/div>\t<\/div>\r\n<\/article>\r\n<article class=\"w-grid-item size_1x1 post-7234 post type-post status-publish format-standard has-post-thumbnail hentry category-oeste-salud\" data-id=\"7234\">\r\n\t<div class=\"w-grid-item-h\">\r\n\t\t\t\t<div class=\"w-post-elm post_image usg_post_image_1 stretched\"><a href=\"https:\/\/oestesalud.com.ar\/?p=7234\" aria-label=\"Nuevos Horarios del Vacunatorio\"><img loading=\"lazy\" decoding=\"async\" width=\"1024\" height=\"1024\" src=\"https:\/\/oestesalud.com.ar\/wp-content\/uploads\/2019\/11\/cambio-de-horario-vacunatorio-1024x1024.jpg\" class=\"attachment-large size-large wp-post-image\" alt=\"\" srcset=\"https:\/\/oestesalud.com.ar\/wp-content\/uploads\/2019\/11\/cambio-de-horario-vacunatorio-1024x1024.jpg 1024w, https:\/\/oestesalud.com.ar\/wp-content\/uploads\/2019\/11\/cambio-de-horario-vacunatorio-150x150.jpg 150w, https:\/\/oestesalud.com.ar\/wp-content\/uploads\/2019\/11\/cambio-de-horario-vacunatorio-300x300.jpg 300w, https:\/\/oestesalud.com.ar\/wp-content\/uploads\/2019\/11\/cambio-de-horario-vacunatorio-350x350.jpg 350w, https:\/\/oestesalud.com.ar\/wp-content\/uploads\/2019\/11\/cambio-de-horario-vacunatorio-600x600.jpg 600w, https:\/\/oestesalud.com.ar\/wp-content\/uploads\/2019\/11\/cambio-de-horario-vacunatorio.jpg 1080w\" sizes=\"(max-width: 1024px) 100vw, 1024px\" \/><\/a><\/div><div class=\"w-post-elm post_taxonomy usg_post_taxonomy_1 style_badge color_link_inherit\"><a class=\"w-btn us-btn-style_badge\" href=\"https:\/\/oestesalud.com.ar\/?cat=37\">Oeste Salud<\/a><\/div><div class=\"w-vwrapper usg_vwrapper_1 align_left valign_top \"><h2 class=\"w-post-elm post_title usg_post_title_1 entry-title color_link_inherit\"><a href=\"https:\/\/oestesalud.com.ar\/?p=7234\">Nuevos Horarios del Vacunatorio<\/a><\/h2><div class=\"w-hwrapper usg_hwrapper_1 align_left valign_top wrap \"><time class=\"w-post-elm post_date usg_post_date_1 entry-date published\" datetime=\"2019-11-06T18:45:49-03:00\" title=\"6 noviembre 2019 a las 18:45:49 -03:00\">6 Nov 2019<\/time><div class=\"w-post-elm post_comments usg_post_comments_1 layout_amount color_link_inherit\"><i class=\"far fa-comments\"><\/i><a class=\"smooth-scroll\" href=\"https:\/\/oestesalud.com.ar\/?p=7234#respond\">0<\/a><\/div><\/div><div class=\"w-post-elm post_content usg_post_content_1\">Informamos a Nuestros Socios que a partir del Lunes 11 de Noviembre el vacunatorio cambiar\u00e1 horario de atenci\u00f3n de 16:00&hellip;<\/div><\/div>\t<\/div>\r\n<\/article>\r\n<article class=\"w-grid-item post-6777 post type-post status-publish format-standard has-post-thumbnail hentry category-oeste-salud\" data-id=\"6777\">\r\n\t<div class=\"w-grid-item-h\">\r\n\t\t\t\t<div class=\"w-post-elm post_image usg_post_image_1 stretched\"><a href=\"https:\/\/oestesalud.com.ar\/?p=6777\" aria-label=\"Vacunatorio Propio\"><img loading=\"lazy\" decoding=\"async\" width=\"648\" height=\"649\" src=\"https:\/\/oestesalud.com.ar\/wp-content\/uploads\/2018\/09\/31381281_2046250185645355_2472176728831688704_n.jpg\" class=\"attachment-large size-large wp-post-image\" alt=\"\" srcset=\"https:\/\/oestesalud.com.ar\/wp-content\/uploads\/2018\/09\/31381281_2046250185645355_2472176728831688704_n.jpg 648w, https:\/\/oestesalud.com.ar\/wp-content\/uploads\/2018\/09\/31381281_2046250185645355_2472176728831688704_n-150x150.jpg 150w, https:\/\/oestesalud.com.ar\/wp-content\/uploads\/2018\/09\/31381281_2046250185645355_2472176728831688704_n-300x300.jpg 300w, https:\/\/oestesalud.com.ar\/wp-content\/uploads\/2018\/09\/31381281_2046250185645355_2472176728831688704_n-350x350.jpg 350w, https:\/\/oestesalud.com.ar\/wp-content\/uploads\/2018\/09\/31381281_2046250185645355_2472176728831688704_n-600x601.jpg 600w\" sizes=\"(max-width: 648px) 100vw, 648px\" \/><\/a><\/div><div class=\"w-post-elm post_taxonomy usg_post_taxonomy_1 style_badge color_link_inherit\"><a class=\"w-btn us-btn-style_badge\" href=\"https:\/\/oestesalud.com.ar\/?cat=37\">Oeste Salud<\/a><\/div><div class=\"w-vwrapper usg_vwrapper_1 align_left valign_top \"><h2 class=\"w-post-elm post_title usg_post_title_1 entry-title color_link_inherit\"><a href=\"https:\/\/oestesalud.com.ar\/?p=6777\">Vacunatorio Propio<\/a><\/h2><div class=\"w-hwrapper usg_hwrapper_1 align_left valign_top wrap \"><time class=\"w-post-elm post_date usg_post_date_1 entry-date published\" datetime=\"2018-09-13T18:59:43-03:00\" title=\"13 septiembre 2018 a las 18:59:43 -03:00\">13 Sep 2018<\/time><div class=\"w-post-elm post_comments usg_post_comments_1 layout_amount color_link_inherit\"><i class=\"far fa-comments\"><\/i><a class=\"smooth-scroll\" href=\"https:\/\/oestesalud.com.ar\/?p=6777#respond\">0<\/a><\/div><\/div><div class=\"w-post-elm post_content usg_post_content_1\">Seguimos sumando servicios para vos y tu familia! Informate m\u00e1s llamando a los tel\u00e9fonos que figuran en la imagen! &nbsp;<\/div><\/div>\t<\/div>\r\n<\/article>\r\n<\/div>\t<div class=\"w-grid-json hidden\" onclick='return {&quot;ajax_url&quot;:&quot;https:\\\/\\\/oestesalud.com.ar\\\/wp-admin\\\/admin-ajax.php&quot;,&quot;permalink_url&quot;:&quot;https:\\\/\\\/oestesalud.com.ar\\\/?p=6777&quot;,&quot;action&quot;:&quot;us_ajax_grid&quot;,&quot;max_num_pages&quot;:1,&quot;infinite_scroll&quot;:0,&quot;template_vars&quot;:{&quot;query_args&quot;:{&quot;post_type&quot;:[&quot;post&quot;],&quot;tax_query&quot;:[{&quot;taxonomy&quot;:&quot;category&quot;,&quot;field&quot;:&quot;slug&quot;,&quot;terms&quot;:[&quot;oeste-salud&quot;]}],&quot;post_status&quot;:[&quot;publish&quot;],&quot;orderby&quot;:{&quot;date&quot;:&quot;DESC&quot;},&quot;posts_per_page&quot;:&quot;5&quot;},&quot;post_id&quot;:6775,&quot;us_grid_index&quot;:1,&quot;us_grid_ajax_index&quot;:1,&quot;exclude_items&quot;:&quot;none&quot;,&quot;items_offset&quot;:&quot;1&quot;,&quot;items_layout&quot;:&quot;blog_cards&quot;,&quot;type&quot;:&quot;masonry&quot;,&quot;columns&quot;:&quot;5&quot;,&quot;img_size&quot;:&quot;default&quot;,&quot;overriding_link&quot;:&quot;none&quot;}}'><\/div>\r\n<\/div><\/div><\/div><\/div><\/div><\/div><\/section>\n","protected":false},"excerpt":{"rendered":"Seguimos sumando servicios para vos y tu familia! Informate m\u00e1s llamando a los tel\u00e9fonos que figuran en la imagen! &nbsp;","protected":false},"author":2,"featured_media":0,"parent":0,"menu_order":0,"comment_status":"closed","ping_status":"closed","template":"","meta":{"footnotes":""},"yoast_head":"<!-- This site is optimized with the Yoast SEO plugin v21.2 - https:\/\/yoast.com\/wordpress\/plugins\/seo\/ -->\n<title>Novedades Oeste Salud - Oeste Salud<\/title>\n<meta name=\"robots\" content=\"noindex, follow, max-snippet:-1, max-image-preview:large, max-video-preview:-1\" \/>\n<meta property=\"og:locale\" content=\"es_ES\" \/>\n<meta property=\"og:type\" content=\"article\" \/>\n<meta property=\"og:title\" content=\"Novedades Oeste Salud - Oeste Salud\" \/>\n<meta property=\"og:url\" content=\"https:\/\/oestesalud.com.ar\/?page_id=6775\" \/>\n<meta property=\"og:site_name\" content=\"Oeste Salud\" \/>\n<meta property=\"article:modified_time\" content=\"2019-07-03T17:16:33+00:00\" \/>\n<meta name=\"twitter:card\" content=\"summary_large_image\" \/>\n<script type=\"application\/ld+json\" class=\"yoast-schema-graph\">{\"@context\":\"https:\/\/schema.org\",\"@graph\":[{\"@type\":\"WebPage\",\"@id\":\"https:\/\/oestesalud.com.ar\/?page_id=6775\",\"url\":\"https:\/\/oestesalud.com.ar\/?page_id=6775\",\"name\":\"Novedades Oeste Salud - Oeste Salud\",\"isPartOf\":{\"@id\":\"https:\/\/oestesalud.com.ar\/#website\"},\"datePublished\":\"2018-09-13T18:57:58+00:00\",\"dateModified\":\"2019-07-03T17:16:33+00:00\",\"breadcrumb\":{\"@id\":\"https:\/\/oestesalud.com.ar\/?page_id=6775#breadcrumb\"},\"inLanguage\":\"es\",\"potentialAction\":[{\"@type\":\"ReadAction\",\"target\":[\"https:\/\/oestesalud.com.ar\/?page_id=6775\"]}]},{\"@type\":\"BreadcrumbList\",\"@id\":\"https:\/\/oestesalud.com.ar\/?page_id=6775#breadcrumb\",\"itemListElement\":[{\"@type\":\"ListItem\",\"position\":1,\"name\":\"Portada\",\"item\":\"https:\/\/oestesalud.com.ar\/\"},{\"@type\":\"ListItem\",\"position\":2,\"name\":\"Novedades Oeste Salud\"}]},{\"@type\":\"WebSite\",\"@id\":\"https:\/\/oestesalud.com.ar\/#website\",\"url\":\"https:\/\/oestesalud.com.ar\/\",\"name\":\"Oeste Salud\",\"description\":\"\",\"potentialAction\":[{\"@type\":\"SearchAction\",\"target\":{\"@type\":\"EntryPoint\",\"urlTemplate\":\"https:\/\/oestesalud.com.ar\/?s={search_term_string}\"},\"query-input\":\"required name=search_term_string\"}],\"inLanguage\":\"es\"}]}<\/script>\n<!-- \/ Yoast SEO plugin. -->","yoast_head_json":{"title":"Novedades Oeste Salud - Oeste Salud","robots":{"index":"noindex","follow":"follow","max-snippet":"max-snippet:-1","max-image-preview":"max-image-preview:large","max-video-preview":"max-video-preview:-1"},"og_locale":"es_ES","og_type":"article","og_title":"Novedades Oeste Salud - Oeste Salud","og_url":"https:\/\/oestesalud.com.ar\/?page_id=6775","og_site_name":"Oeste Salud","article_modified_time":"2019-07-03T17:16:33+00:00","twitter_card":"summary_large_image","schema":{"@context":"https:\/\/schema.org","@graph":[{"@type":"WebPage","@id":"https:\/\/oestesalud.com.ar\/?page_id=6775","url":"https:\/\/oestesalud.com.ar\/?page_id=6775","name":"Novedades Oeste Salud - Oeste Salud","isPartOf":{"@id":"https:\/\/oestesalud.com.ar\/#website"},"datePublished":"2018-09-13T18:57:58+00:00","dateModified":"2019-07-03T17:16:33+00:00","breadcrumb":{"@id":"https:\/\/oestesalud.com.ar\/?page_id=6775#breadcrumb"},"inLanguage":"es","potentialAction":[{"@type":"ReadAction","target":["https:\/\/oestesalud.com.ar\/?page_id=6775"]}]},{"@type":"BreadcrumbList","@id":"https:\/\/oestesalud.com.ar\/?page_id=6775#breadcrumb","itemListElement":[{"@type":"ListItem","position":1,"name":"Portada","item":"https:\/\/oestesalud.com.ar\/"},{"@type":"ListItem","position":2,"name":"Novedades Oeste Salud"}]},{"@type":"WebSite","@id":"https:\/\/oestesalud.com.ar\/#website","url":"https:\/\/oestesalud.com.ar\/","name":"Oeste Salud","description":"","potentialAction":[{"@type":"SearchAction","target":{"@type":"EntryPoint","urlTemplate":"https:\/\/oestesalud.com.ar\/?s={search_term_string}"},"query-input":"required name=search_term_string"}],"inLanguage":"es"}]}},"_links":{"self":[{"href":"https:\/\/oestesalud.com.ar\/index.php?rest_route=\/wp\/v2\/pages\/6775"}],"collection":[{"href":"https:\/\/oestesalud.com.ar\/index.php?rest_route=\/wp\/v2\/pages"}],"about":[{"href":"https:\/\/oestesalud.com.ar\/index.php?rest_route=\/wp\/v2\/types\/page"}],"author":[{"embeddable":true,"href":"https:\/\/oestesalud.com.ar\/index.php?rest_route=\/wp\/v2\/users\/2"}],"replies":[{"embeddable":true,"href":"https:\/\/oestesalud.com.ar\/index.php?rest_route=%2Fwp%2Fv2%2Fcomments&post=6775"}],"version-history":[{"count":3,"href":"https:\/\/oestesalud.com.ar\/index.php?rest_route=\/wp\/v2\/pages\/6775\/revisions"}],"predecessor-version":[{"id":7023,"href":"https:\/\/oestesalud.com.ar\/index.php?rest_route=\/wp\/v2\/pages\/6775\/revisions\/7023"}],"wp:attachment":[{"href":"https:\/\/oestesalud.com.ar\/index.php?rest_route=%2Fwp%2Fv2%2Fmedia&parent=6775"}],"curies":[{"name":"wp","href":"https:\/\/api.w.org\/{rel}","templated":true}]}}